{"id":5687,"date":"2023-07-04T15:11:31","date_gmt":"2023-07-04T15:11:31","guid":{"rendered":"https:\/\/profalkielce.pl\/politique-de-confidentialite\/"},"modified":"2023-09-22T12:54:47","modified_gmt":"2023-09-22T12:54:47","slug":"politique-de-confidentialite","status":"publish","type":"page","link":"https:\/\/profalkielce.pl\/fr\/politique-de-confidentialite\/","title":{"rendered":"Politique de confidentialit\u00e9"},"content":{"rendered":"\t\t<div data-elementor-type=\"wp-page\" data-elementor-id=\"5687\" class=\"elementor elementor-5687 elementor-4833\" data-elementor-post-type=\"page\">\n\t\t\t\t<div class=\"elementor-element elementor-element-f600735 e-con-full e-flex e-con e-parent\" data-id=\"f600735\" data-element_type=\"container\" data-e-type=\"container\" data-settings=\"{&quot;background_background&quot;:&quot;classic&quot;,&quot;jet_parallax_layout_list&quot;:[]}\">\n\t\t\t\t<div class=\"elementor-element elementor-element-5172329 elementor-widget elementor-widget-breadcrumbs\" data-id=\"5172329\" data-element_type=\"widget\" data-e-type=\"widget\" data-widget_type=\"breadcrumbs.default\">\n\t\t\t\t\t<p id=\"breadcrumbs\"><span><span><a href=\"https:\/\/profalkielce.pl\/fr\/profal\/\">Strona g\u0142\u00f3wna<\/a><\/span><\/span><\/p>\t\t\t\t<\/div>\n\t\t\t\t<div class=\"elementor-element elementor-element-0ba8db5 elementor-widget__width-initial elementor-widget elementor-widget-theme-post-title elementor-page-title elementor-widget-heading\" data-id=\"0ba8db5\" data-element_type=\"widget\" data-e-type=\"widget\" data-widget_type=\"theme-post-title.default\">\n\t\t\t\t\t<h1 class=\"elementor-heading-title elementor-size-default\">Politique de confidentialit\u00e9<\/h1>\t\t\t\t<\/div>\n\t\t\t\t<\/div>\n\t\t<div class=\"elementor-element elementor-element-aeee6ab e-con-full e-flex e-con e-parent\" data-id=\"aeee6ab\" data-element_type=\"container\" data-e-type=\"container\" data-settings=\"{&quot;jet_parallax_layout_list&quot;:[]}\">\n\t\t<div class=\"elementor-element elementor-element-98e4078 e-flex e-con-boxed e-con e-parent\" data-id=\"98e4078\" data-element_type=\"container\" data-e-type=\"container\" data-settings=\"{&quot;jet_parallax_layout_list&quot;:[]}\">\n\t\t\t\t\t<div class=\"e-con-inner\">\n\t\t\t\t<div class=\"elementor-element elementor-element-60f7cb4 elementor-widget elementor-widget-text-editor\" data-id=\"60f7cb4\" data-element_type=\"widget\" data-e-type=\"widget\" data-widget_type=\"text-editor.default\">\n\t\t\t\t\t\t\t\t\t<h3>VIE PRIV\u00c9E:<\/h3>\n<p>Le site Web ne collecte pas automatiquement d\u2019informations, \u00e0 l\u2019exception des informations contenues dans les cookies.<\/p>\n<ul class=\"styled-list-two\">\n<li>Les cookies (appel\u00e9s \u00ab cookies \u00bb) sont des donn\u00e9es informatiques, en particulier des fichiers texte, qui sont stock\u00e9es sur l\u2019appareil final de l\u2019utilisateur du site Web et sont destin\u00e9es \u00e0 l\u2019utilisation des sites Web du site Web.<\/li>\n<li>Les cookies contiennent g\u00e9n\u00e9ralement le nom du site Web d\u2019o\u00f9 ils proviennent, l\u2019heure de leur stockage sur l\u2019appareil final et un num\u00e9ro unique.<\/li>\n<li>L\u2019entit\u00e9 qui place des cookies sur l\u2019appareil final de l\u2019utilisateur du site Web et qui y acc\u00e8de est l\u2019exploitant du site Web.<\/li>\n<\/ul>\n<p>Les cookies sont utilis\u00e9s pour :<\/p>\n<ul class=\"styled-list-two\">\n<li>Adapter le contenu des pages du site Web aux pr\u00e9f\u00e9rences de l\u2019utilisateur et optimiser l\u2019utilisation des sites Web; en particulier, ces fichiers permettent de reconna\u00eetre l\u2019appareil de l\u2019utilisateur du site Web et d\u2019afficher correctement le site Web, adapt\u00e9 \u00e0 ses besoins individuels;<\/li>\n<li>Cr\u00e9er des statistiques qui aident \u00e0 comprendre comment les utilisateurs du site Web utilisent les sites Web, ce qui permet d\u2019am\u00e9liorer leur structure et leur contenu;<\/li>\n<li>Le Site utilise deux types de cookies de base : les cookies \u00ab de session \u00bb et les cookies \u00ab persistants \u00bb. Les cookies de \u00ab session \u00bb sont des fichiers temporaires qui sont stock\u00e9s sur l\u2019appareil final de l\u2019utilisateur jusqu\u2019\u00e0 ce qu\u2019il se d\u00e9connecte, quitte le site Web ou \u00e9teigne le logiciel (navigateur Web). Les cookies \u00ab persistants \u00bb sont stock\u00e9s sur l\u2019appareil final de l\u2019Utilisateur pendant la dur\u00e9e sp\u00e9cifi\u00e9e dans les param\u00e8tres des cookies ou jusqu\u2019\u00e0 ce qu\u2019ils soient supprim\u00e9s par l\u2019Utilisateur.<\/li>\n<\/ul>\n<p>Le Site utilise les types de cookies suivants :<\/p>\n<ul class=\"styled-list-two\">\n<li>Cookies \u00ab n\u00e9cessaires \u00bb, permettant l\u2019utilisation des services disponibles sur le Site.<\/li>\n<li>Cookies utilis\u00e9s pour assurer la s\u00e9curit\u00e9, par exemple utilis\u00e9s pour d\u00e9tecter la fraude dans le domaine de l\u2019authentification sur le site Web.<\/li>\n<li>Cookies de \u00ab performance \u00bb, permettant la collecte d\u2019informations sur l\u2019utilisation des pages du Site.<\/li>\n<li>Cookies \u00ab fonctionnels \u00bb, permettant de \u00ab m\u00e9moriser \u00bb les param\u00e8tres s\u00e9lectionn\u00e9s par l\u2019Utilisateur et de personnaliser l\u2019interface de l\u2019Utilisateur.<\/li>\n<li>Les cookies \u00ab publicitaires \u00bb, permettant aux Utilisateurs de fournir un contenu publicitaire plus adapt\u00e9 \u00e0 leurs int\u00e9r\u00eats.<\/li>\n<li>Dans de nombreux cas, le logiciel utilis\u00e9 pour naviguer sur les sites Web (navigateur Web) permet par d\u00e9faut le stockage de cookies sur l\u2019appareil final de l\u2019Utilisateur. Les utilisateurs du site Web peuvent modifier les param\u00e8tres des cookies \u00e0 tout moment. Ces param\u00e8tres peuvent \u00eatre modifi\u00e9s, en particulier, de mani\u00e8re \u00e0 bloquer le traitement automatique des cookies dans les param\u00e8tres du navigateur Web ou \u00e0 les informer chaque fois qu\u2019ils sont plac\u00e9s sur l\u2019appareil de l\u2019utilisateur du site Web. Des informations d\u00e9taill\u00e9es sur les possibilit\u00e9s et les moyens de traitement des cookies sont disponibles dans les param\u00e8tres du logiciel (navigateur Web).<\/li>\n<li>L\u2019exploitant du site Web informe que les restrictions sur l\u2019utilisation des cookies peuvent affecter certaines des fonctionnalit\u00e9s disponibles sur le site Web.<\/li>\n<li>Les cookies plac\u00e9s sur l\u2019appareil final de l\u2019utilisateur du site Web peuvent \u00e9galement \u00eatre utilis\u00e9s par les annonceurs et les partenaires coop\u00e9rant avec l\u2019exploitant du site Web.<\/li>\n<\/ul>\n\t\t\t\t\t\t\t\t<\/div>\n\t\t\t\t\t<\/div>\n\t\t\t\t<\/div>\n\t\t\t\t<\/div>\n\t\t\t\t<\/div>\n\t\t","protected":false},"excerpt":{"rendered":"<p>VIE PRIV\u00c9E: Le site Web ne collecte pas automatiquement d\u2019informations, \u00e0 l\u2019exception des informations contenues dans les cookies. Les cookies (appel\u00e9s \u00ab cookies \u00bb) sont des donn\u00e9es informatiques, en particulier des fichiers texte, qui sont stock\u00e9es sur l\u2019appareil final de l\u2019utilisateur du site Web et sont destin\u00e9es \u00e0 l\u2019utilisation des sites Web du site Web. [&hellip;]<\/p>\n","protected":false},"author":6,"featured_media":0,"parent":0,"menu_order":0,"comment_status":"closed","ping_status":"closed","template":"elementor_header_footer","meta":{"footnotes":""},"class_list":["post-5687","page","type-page","status-publish","hentry"],"yoast_head":"<!-- This site is optimized with the Yoast SEO plugin v27.3 - https:\/\/yoast.com\/product\/yoast-seo-wordpress\/ -->\n<title>Politique de confidentialit\u00e9 | Profal<\/title>\n<meta name=\"description\" content=\"VIE PRIV\u00c9E: Le site Web ne collecte pas automatiquement d\u2019informations, \u00e0 l\u2019exception des informations contenues dans les cookies. Les cookies (appel\u00e9s \u00ab\" \/>\n<meta name=\"robots\" content=\"index, follow, max-snippet:-1, max-image-preview:large, max-video-preview:-1\" \/>\n<link rel=\"canonical\" href=\"https:\/\/profalkielce.pl\/fr\/politique-de-confidentialite\/\" \/>\n<meta property=\"og:locale\" content=\"fr_FR\" \/>\n<meta property=\"og:type\" content=\"article\" \/>\n<meta property=\"og:title\" content=\"Politique de confidentialit\u00e9 | Profal\" \/>\n<meta property=\"og:description\" content=\"VIE PRIV\u00c9E: Le site Web ne collecte pas automatiquement d\u2019informations, \u00e0 l\u2019exception des informations contenues dans les cookies. Les cookies (appel\u00e9s \u00ab\" \/>\n<meta property=\"og:url\" content=\"https:\/\/profalkielce.pl\/fr\/politique-de-confidentialite\/\" \/>\n<meta property=\"og:site_name\" content=\"Profal\" \/>\n<meta property=\"article:publisher\" content=\"https:\/\/www.facebook.com\/fabrykaprofalkielce\" \/>\n<meta property=\"article:modified_time\" content=\"2023-09-22T12:54:47+00:00\" \/>\n<meta property=\"og:image\" content=\"https:\/\/profalkielce.pl\/wp-content\/uploads\/2023\/06\/2467c8d94e74bbd53774c385df2b2b83.jpeg\" \/>\n\t<meta property=\"og:image:width\" content=\"1920\" \/>\n\t<meta property=\"og:image:height\" content=\"1280\" \/>\n\t<meta property=\"og:image:type\" content=\"image\/jpeg\" \/>\n<meta name=\"twitter:card\" content=\"summary_large_image\" \/>\n<meta name=\"twitter:label1\" content=\"Dur\u00e9e de lecture estim\u00e9e\" \/>\n\t<meta name=\"twitter:data1\" content=\"3 minutes\" \/>\n<script type=\"application\/ld+json\" class=\"yoast-schema-graph\">{\"@context\":\"https:\\\/\\\/schema.org\",\"@graph\":[{\"@type\":\"WebPage\",\"@id\":\"https:\\\/\\\/profalkielce.pl\\\/fr\\\/politique-de-confidentialite\\\/\",\"url\":\"https:\\\/\\\/profalkielce.pl\\\/fr\\\/politique-de-confidentialite\\\/\",\"name\":\"Politique de confidentialit\u00e9 | Profal\",\"isPartOf\":{\"@id\":\"https:\\\/\\\/profalkielce.pl\\\/fr\\\/#website\"},\"datePublished\":\"2023-07-04T15:11:31+00:00\",\"dateModified\":\"2023-09-22T12:54:47+00:00\",\"description\":\"VIE PRIV\u00c9E: Le site Web ne collecte pas automatiquement d\u2019informations, \u00e0 l\u2019exception des informations contenues dans les cookies. Les cookies (appel\u00e9s \u00ab\",\"breadcrumb\":{\"@id\":\"https:\\\/\\\/profalkielce.pl\\\/fr\\\/politique-de-confidentialite\\\/#breadcrumb\"},\"inLanguage\":\"fr-FR\",\"potentialAction\":[{\"@type\":\"ReadAction\",\"target\":[\"https:\\\/\\\/profalkielce.pl\\\/fr\\\/politique-de-confidentialite\\\/\"]}]},{\"@type\":\"BreadcrumbList\",\"@id\":\"https:\\\/\\\/profalkielce.pl\\\/fr\\\/politique-de-confidentialite\\\/#breadcrumb\",\"itemListElement\":[{\"@type\":\"ListItem\",\"position\":1,\"name\":\"Strona g\u0142\u00f3wna\",\"item\":\"https:\\\/\\\/profalkielce.pl\\\/fr\\\/profal\\\/\"},{\"@type\":\"ListItem\",\"position\":2,\"name\":\"Politique de confidentialit\u00e9\"}]},{\"@type\":\"WebSite\",\"@id\":\"https:\\\/\\\/profalkielce.pl\\\/fr\\\/#website\",\"url\":\"https:\\\/\\\/profalkielce.pl\\\/fr\\\/\",\"name\":\"Profal Kielce\",\"description\":\"Aluminiowe systemy okienne i drzwiowe\",\"publisher\":{\"@id\":\"https:\\\/\\\/profalkielce.pl\\\/fr\\\/#organization\"},\"potentialAction\":[{\"@type\":\"SearchAction\",\"target\":{\"@type\":\"EntryPoint\",\"urlTemplate\":\"https:\\\/\\\/profalkielce.pl\\\/fr\\\/?s={search_term_string}\"},\"query-input\":{\"@type\":\"PropertyValueSpecification\",\"valueRequired\":true,\"valueName\":\"search_term_string\"}}],\"inLanguage\":\"fr-FR\"},{\"@type\":\"Organization\",\"@id\":\"https:\\\/\\\/profalkielce.pl\\\/fr\\\/#organization\",\"name\":\"Profal Kielce\",\"url\":\"https:\\\/\\\/profalkielce.pl\\\/fr\\\/\",\"logo\":{\"@type\":\"ImageObject\",\"inLanguage\":\"fr-FR\",\"@id\":\"https:\\\/\\\/profalkielce.pl\\\/fr\\\/#\\\/schema\\\/logo\\\/image\\\/\",\"url\":\"https:\\\/\\\/profalkielce.pl\\\/wp-content\\\/uploads\\\/2023\\\/05\\\/PROFAL-LOGO-White.svg\",\"contentUrl\":\"https:\\\/\\\/profalkielce.pl\\\/wp-content\\\/uploads\\\/2023\\\/05\\\/PROFAL-LOGO-White.svg\",\"width\":640,\"height\":200,\"caption\":\"Profal Kielce\"},\"image\":{\"@id\":\"https:\\\/\\\/profalkielce.pl\\\/fr\\\/#\\\/schema\\\/logo\\\/image\\\/\"},\"sameAs\":[\"https:\\\/\\\/www.facebook.com\\\/fabrykaprofalkielce\",\"https:\\\/\\\/www.instagram.com\\\/profalkielce\\\/\",\"http:\\\/\\\/www.linkedin.com\\\/company\\\/profal-kielce\"]}]}<\/script>\n<!-- \/ Yoast SEO plugin. -->","yoast_head_json":{"title":"Politique de confidentialit\u00e9 | Profal","description":"VIE PRIV\u00c9E: Le site Web ne collecte pas automatiquement d\u2019informations, \u00e0 l\u2019exception des informations contenues dans les cookies. Les cookies (appel\u00e9s \u00ab","robots":{"index":"index","follow":"follow","max-snippet":"max-snippet:-1","max-image-preview":"max-image-preview:large","max-video-preview":"max-video-preview:-1"},"canonical":"https:\/\/profalkielce.pl\/fr\/politique-de-confidentialite\/","og_locale":"fr_FR","og_type":"article","og_title":"Politique de confidentialit\u00e9 | Profal","og_description":"VIE PRIV\u00c9E: Le site Web ne collecte pas automatiquement d\u2019informations, \u00e0 l\u2019exception des informations contenues dans les cookies. Les cookies (appel\u00e9s \u00ab","og_url":"https:\/\/profalkielce.pl\/fr\/politique-de-confidentialite\/","og_site_name":"Profal","article_publisher":"https:\/\/www.facebook.com\/fabrykaprofalkielce","article_modified_time":"2023-09-22T12:54:47+00:00","og_image":[{"width":1920,"height":1280,"url":"https:\/\/profalkielce.pl\/wp-content\/uploads\/2023\/06\/2467c8d94e74bbd53774c385df2b2b83.jpeg","type":"image\/jpeg"}],"twitter_card":"summary_large_image","twitter_misc":{"Dur\u00e9e de lecture estim\u00e9e":"3 minutes"},"schema":{"@context":"https:\/\/schema.org","@graph":[{"@type":"WebPage","@id":"https:\/\/profalkielce.pl\/fr\/politique-de-confidentialite\/","url":"https:\/\/profalkielce.pl\/fr\/politique-de-confidentialite\/","name":"Politique de confidentialit\u00e9 | Profal","isPartOf":{"@id":"https:\/\/profalkielce.pl\/fr\/#website"},"datePublished":"2023-07-04T15:11:31+00:00","dateModified":"2023-09-22T12:54:47+00:00","description":"VIE PRIV\u00c9E: Le site Web ne collecte pas automatiquement d\u2019informations, \u00e0 l\u2019exception des informations contenues dans les cookies. Les cookies (appel\u00e9s \u00ab","breadcrumb":{"@id":"https:\/\/profalkielce.pl\/fr\/politique-de-confidentialite\/#breadcrumb"},"inLanguage":"fr-FR","potentialAction":[{"@type":"ReadAction","target":["https:\/\/profalkielce.pl\/fr\/politique-de-confidentialite\/"]}]},{"@type":"BreadcrumbList","@id":"https:\/\/profalkielce.pl\/fr\/politique-de-confidentialite\/#breadcrumb","itemListElement":[{"@type":"ListItem","position":1,"name":"Strona g\u0142\u00f3wna","item":"https:\/\/profalkielce.pl\/fr\/profal\/"},{"@type":"ListItem","position":2,"name":"Politique de confidentialit\u00e9"}]},{"@type":"WebSite","@id":"https:\/\/profalkielce.pl\/fr\/#website","url":"https:\/\/profalkielce.pl\/fr\/","name":"Profal Kielce","description":"Aluminiowe systemy okienne i drzwiowe","publisher":{"@id":"https:\/\/profalkielce.pl\/fr\/#organization"},"potentialAction":[{"@type":"SearchAction","target":{"@type":"EntryPoint","urlTemplate":"https:\/\/profalkielce.pl\/fr\/?s={search_term_string}"},"query-input":{"@type":"PropertyValueSpecification","valueRequired":true,"valueName":"search_term_string"}}],"inLanguage":"fr-FR"},{"@type":"Organization","@id":"https:\/\/profalkielce.pl\/fr\/#organization","name":"Profal Kielce","url":"https:\/\/profalkielce.pl\/fr\/","logo":{"@type":"ImageObject","inLanguage":"fr-FR","@id":"https:\/\/profalkielce.pl\/fr\/#\/schema\/logo\/image\/","url":"https:\/\/profalkielce.pl\/wp-content\/uploads\/2023\/05\/PROFAL-LOGO-White.svg","contentUrl":"https:\/\/profalkielce.pl\/wp-content\/uploads\/2023\/05\/PROFAL-LOGO-White.svg","width":640,"height":200,"caption":"Profal Kielce"},"image":{"@id":"https:\/\/profalkielce.pl\/fr\/#\/schema\/logo\/image\/"},"sameAs":["https:\/\/www.facebook.com\/fabrykaprofalkielce","https:\/\/www.instagram.com\/profalkielce\/","http:\/\/www.linkedin.com\/company\/profal-kielce"]}]}},"_links":{"self":[{"href":"https:\/\/profalkielce.pl\/fr\/wp-json\/wp\/v2\/pages\/5687","targetHints":{"allow":["GET"]}}],"collection":[{"href":"https:\/\/profalkielce.pl\/fr\/wp-json\/wp\/v2\/pages"}],"about":[{"href":"https:\/\/profalkielce.pl\/fr\/wp-json\/wp\/v2\/types\/page"}],"author":[{"embeddable":true,"href":"https:\/\/profalkielce.pl\/fr\/wp-json\/wp\/v2\/users\/6"}],"replies":[{"embeddable":true,"href":"https:\/\/profalkielce.pl\/fr\/wp-json\/wp\/v2\/comments?post=5687"}],"version-history":[{"count":4,"href":"https:\/\/profalkielce.pl\/fr\/wp-json\/wp\/v2\/pages\/5687\/revisions"}],"predecessor-version":[{"id":12288,"href":"https:\/\/profalkielce.pl\/fr\/wp-json\/wp\/v2\/pages\/5687\/revisions\/12288"}],"wp:attachment":[{"href":"https:\/\/profalkielce.pl\/fr\/wp-json\/wp\/v2\/media?parent=5687"}],"curies":[{"name":"wp","href":"https:\/\/api.w.org\/{rel}","templated":true}]}}